{"id":1231,"date":"2020-05-20T11:36:58","date_gmt":"2020-05-20T14:36:58","guid":{"rendered":"https:\/\/ifdmercedes-crr.infd.edu.ar\/sitio\/?page_id=1231"},"modified":"2020-07-06T13:55:09","modified_gmt":"2020-07-06T16:55:09","slug":"admision","status":"publish","type":"page","link":"https:\/\/ifdmercedes-crr.infd.edu.ar\/sitio\/admision\/","title":{"rendered":"ADMISI\u00d3N"},"content":{"rendered":"<p><img decoding=\"async\" loading=\"lazy\" class=\"alignnone wp-image-1243\" src=\"https:\/\/ifdmercedes-crr.infd.edu.ar\/sitio\/wp-content\/uploads\/2020\/07\/Marca-gr\u00e1fica-Post\u00edtulo-1000x248.png\" alt=\"\" width=\"666\" height=\"165\" srcset=\"https:\/\/ifdmercedes-crr.infd.edu.ar\/sitio\/wp-content\/uploads\/2020\/07\/Marca-gr\u00e1fica-Post\u00edtulo-1000x248.png 1000w, https:\/\/ifdmercedes-crr.infd.edu.ar\/sitio\/wp-content\/uploads\/2020\/07\/Marca-gr\u00e1fica-Post\u00edtulo-768x191.png 768w, https:\/\/ifdmercedes-crr.infd.edu.ar\/sitio\/wp-content\/uploads\/2020\/07\/Marca-gr\u00e1fica-Post\u00edtulo-1900x472.png 1900w\" sizes=\"(max-width: 666px) 100vw, 666px\" \/><\/p>\n<p>&nbsp;<\/p>\n<p><strong>REQUISITOS DE ADMISI\u00d3N<\/strong><\/p>\n<p><strong>Destinatarios:<\/strong> Equipos de 3 docentes como m\u00ednimo y 6 como m\u00e1ximo de instituciones educativas de los 4 niveles de gesti\u00f3n estatal y privada.<\/p>\n<p>&nbsp;<\/p>\n<p><strong>Requisitos de admisi\u00f3n<\/strong><\/p>\n<p>Cada miembro de los equipos deber\u00e1 cumplir con los siguientes requisitos para su admisi\u00f3n:<\/p>\n<p>-Poseer t\u00edtulo de Profesor\/a para la docencia.<\/p>\n<p>-Ser docente titular, interino\/a o suplente<\/p>\n<p>-Poseer m\u00e1s de un a\u00f1o de experiencia<\/p>\n<p>-Postularse en equipo, garantizando que el equipo cumpla con la cantidad de miembros establecida, que todos sus miembros dicten.<\/p>\n<p>-Tener disponibilidad para participar en las instancias virtuales y de trabajo institucional que propone el Post\u00edtulo.<\/p>\n<p>-Tener buen acceso a internet.<\/p>\n<p><strong>Proceso de inscripci\u00f3n<\/strong><\/p>\n<ol>\n<li>Preinscripci\u00f3n: se realiza trav\u00e9s de un googleform desde el 7 al 17 de julio\u00a0 \u00a0https:\/\/docs.google.com\/forms\/d\/e\/1FAIpQLSfE2QeXYOWrX8aRtCIwjQ3u5J4lqsOdL6Tp5hJkVnxPFiRxBw\/viewform?usp=sf_link<\/li>\n<li>Confirmaci\u00f3n de vacante e Inscripci\u00f3n: a trav\u00e9s de SIMA<\/li>\n<li>Una vez que se vuelva a la presencialidad, se requiere la presentaci\u00f3n en el Instituto de Formaci\u00f3n Docente \u201cMercedes\u201d la siguiente documentaci\u00f3n en formato papel:<\/li>\n<\/ol>\n<p>Fotocopia de DNI.<\/p>\n<p>Foto 4&#215;4.<\/p>\n<p>Constancia laboral donde se acredite: (i) antig\u00fcedad de un a\u00f1o o m\u00e1s en \u00a0 ejercicio docente en \u00a0 la instituci\u00f3n por la que se postula como miembro del equipo,<\/p>\n<p>T\u00edtulo de base:<\/p>\n<ol>\n<li>fotocopia autenticada del t\u00edtulo docente<\/li>\n<\/ol>\n","protected":false},"excerpt":{"rendered":"<p>&nbsp; REQUISITOS DE ADMISI\u00d3N Destinatarios: Equipos de 3 docentes como m\u00ednimo y 6 como m\u00e1ximo de instituciones educativas de los 4 niveles de gesti\u00f3n estatal y privada. &nbsp; Requisitos de admisi\u00f3n Cada miembro de los equipos deber\u00e1 cumplir con los siguientes requisitos para su admisi\u00f3n: -Poseer t\u00edtulo de Profesor\/a para la docencia. -Ser docente titular, &#8230; <a title=\"ADMISI\u00d3N\" class=\"read-more\" href=\"https:\/\/ifdmercedes-crr.infd.edu.ar\/sitio\/admision\/\" aria-label=\"More on ADMISI\u00d3N\">[+]<\/a><\/p>\n","protected":false},"author":251,"featured_media":0,"parent":0,"menu_order":0,"comment_status":"closed","ping_status":"closed","template":"","meta":[],"acf":[],"_links":{"self":[{"href":"https:\/\/ifdmercedes-crr.infd.edu.ar\/sitio\/wp-json\/wp\/v2\/pages\/1231"}],"collection":[{"href":"https:\/\/ifdmercedes-crr.infd.edu.ar\/sitio\/wp-json\/wp\/v2\/pages"}],"about":[{"href":"https:\/\/ifdmercedes-crr.infd.edu.ar\/sitio\/wp-json\/wp\/v2\/types\/page"}],"author":[{"embeddable":true,"href":"https:\/\/ifdmercedes-crr.infd.edu.ar\/sitio\/wp-json\/wp\/v2\/users\/251"}],"replies":[{"embeddable":true,"href":"https:\/\/ifdmercedes-crr.infd.edu.ar\/sitio\/wp-json\/wp\/v2\/comments?post=1231"}],"version-history":[{"count":6,"href":"https:\/\/ifdmercedes-crr.infd.edu.ar\/sitio\/wp-json\/wp\/v2\/pages\/1231\/revisions"}],"predecessor-version":[{"id":1254,"href":"https:\/\/ifdmercedes-crr.infd.edu.ar\/sitio\/wp-json\/wp\/v2\/pages\/1231\/revisions\/1254"}],"wp:attachment":[{"href":"https:\/\/ifdmercedes-crr.infd.edu.ar\/sitio\/wp-json\/wp\/v2\/media?parent=1231"}],"curies":[{"name":"wp","href":"https:\/\/api.w.org\/{rel}","templated":true}]}}