{"id":1233,"date":"2020-05-20T11:39:00","date_gmt":"2020-05-20T14:39:00","guid":{"rendered":"https:\/\/ifdmercedes-crr.infd.edu.ar\/sitio\/?page_id=1233"},"modified":"2021-02-24T16:12:02","modified_gmt":"2021-02-24T19:12:02","slug":"regimen-academico","status":"publish","type":"page","link":"https:\/\/ifdmercedes-crr.infd.edu.ar\/sitio\/regimen-academico\/","title":{"rendered":"R\u00c9GIMEN ACAD\u00c9MICO"},"content":{"rendered":"<p><img decoding=\"async\" loading=\"lazy\" class=\"alignnone wp-image-1243\" src=\"https:\/\/ifdmercedes-crr.infd.edu.ar\/sitio\/wp-content\/uploads\/2020\/07\/Marca-gr\u00e1fica-Post\u00edtulo-1000x248.png\" alt=\"\" width=\"658\" height=\"163\" srcset=\"https:\/\/ifdmercedes-crr.infd.edu.ar\/sitio\/wp-content\/uploads\/2020\/07\/Marca-gr\u00e1fica-Post\u00edtulo-1000x248.png 1000w, https:\/\/ifdmercedes-crr.infd.edu.ar\/sitio\/wp-content\/uploads\/2020\/07\/Marca-gr\u00e1fica-Post\u00edtulo-768x191.png 768w, https:\/\/ifdmercedes-crr.infd.edu.ar\/sitio\/wp-content\/uploads\/2020\/07\/Marca-gr\u00e1fica-Post\u00edtulo-1900x472.png 1900w\" sizes=\"(max-width: 658px) 100vw, 658px\" \/><\/p>\n<p>&nbsp;<\/p>\n<p><strong>R\u00c9GIMEN ACAD\u00c9MICO ESPEC\u00cdFICO<\/strong><\/p>\n<p><strong>Trayectoria formativa<\/strong><\/p>\n<p><strong>-Modalidad de la cursada<\/strong><\/p>\n<p>El itinerario de formaci\u00f3n de la Actualizaci\u00f3n Acad\u00e9mica est\u00e1 organizado en 40 semanas de formaci\u00f3n. La modalidad de cursada ser\u00e1 virtual\u00a0 (215 horas reloj). El itinerario de la Especializaci\u00f3n agrega 40 semanas m\u00e1s de cursada.<\/p>\n<p>Las instancias virtuales se realizar\u00e1n\u00a0 a trav\u00e9s de una plataforma institucional del campus virtual del INFoD. Las clases se activar\u00e1n los d\u00edas s\u00e1bados<\/p>\n<p>Hay encuentros sincr\u00f3nicos\u00a0 v\u00eda la plataforma Zoom y est\u00e1n previstos para:<\/p>\n<p>&nbsp;<\/p>\n<table width=\"561\">\n<tbody>\n<tr>\n<td colspan=\"2\" width=\"339\"><strong>1\u00b0 TRAMO: ACTUALIZACI\u00d3N ACAD\u00c9MICA<\/strong><\/td>\n<td width=\"222\"><strong>FECHAS<\/strong><\/td>\n<\/tr>\n<tr>\n<td width=\"169\"><strong>ESPACIOS CURRICULARES<\/strong><\/td>\n<td width=\"170\"><strong>M\u00d3DULO<\/strong><\/td>\n<td width=\"222\"><strong>\u00a0<\/strong><\/td>\n<\/tr>\n<tr>\n<td rowspan=\"4\" width=\"169\">Renovaci\u00f3n de la Ense\u00f1anza<\/td>\n<td width=\"170\">Marco de la Ense\u00f1anza para la Comprensi\u00f3n<\/td>\n<td width=\"222\">8 de agosto<\/td>\n<\/tr>\n<tr>\n<td width=\"170\">Metodolog\u00edas activas<\/td>\n<td width=\"222\">17 de octubre<\/td>\n<\/tr>\n<tr>\n<td width=\"170\">Aprendizaje colaborativo<\/td>\n<td width=\"222\">21 de noviembre<\/td>\n<\/tr>\n<tr>\n<td width=\"170\">Evaluaci\u00f3n aut\u00e9ntica<\/td>\n<td width=\"222\">24 de octubre<\/td>\n<\/tr>\n<tr>\n<td colspan=\"2\" width=\"339\">TAC<\/td>\n<td width=\"222\">5 y 19 de marzo<\/td>\n<\/tr>\n<tr>\n<td colspan=\"2\" width=\"339\">Interdisciplina I<\/td>\n<td width=\"222\">9 y 23 de abril<\/td>\n<\/tr>\n<tr>\n<td colspan=\"2\" width=\"339\">Ense\u00f1anza y Aprendizaje basado en Proyectos I<\/td>\n<td width=\"222\">7 y 21 de mayo<\/td>\n<\/tr>\n<tr>\n<td colspan=\"2\" width=\"339\">Trabajo final<\/td>\n<td width=\"222\">4 de junio<\/td>\n<\/tr>\n<tr>\n<td colspan=\"2\" width=\"339\"><strong>2\u00b0 TRAMO: ESPECIALIZACI\u00d3N<\/strong><\/td>\n<td width=\"222\"><strong>\u00a0<\/strong><\/td>\n<\/tr>\n<tr>\n<td rowspan=\"3\" width=\"169\">Escuelas XXI<\/td>\n<td width=\"170\">Innovar para transformar<\/td>\n<td width=\"222\">1 presencial de 5 horas<\/td>\n<\/tr>\n<tr>\n<td width=\"170\">Design Thinking<\/td>\n<td width=\"222\">1 presencial de 5 horas<\/td>\n<\/tr>\n<tr>\n<td width=\"170\">Tecnolog\u00eda del Empoderamiento y la Participaci\u00f3n (TEP)<\/td>\n<td width=\"222\">4 presencial de 5 horas<\/td>\n<\/tr>\n<tr>\n<td colspan=\"2\" width=\"339\">Interdisciplina II<\/td>\n<td width=\"222\">1 presencial de 5 horas<\/td>\n<\/tr>\n<tr>\n<td colspan=\"2\" width=\"339\">Ense\u00f1anza y Aprendizaje basado en Proyectos II<\/td>\n<td width=\"222\">1 presencial de 5 horas<\/td>\n<\/tr>\n<tr>\n<td colspan=\"2\" width=\"339\">Trabajo final (Implementaci\u00f3n)<\/td>\n<td width=\"222\">4 presencial de 5 horas<\/td>\n<\/tr>\n<\/tbody>\n<\/table>\n<p><strong>Estructura curricular<\/strong><\/p>\n<p>La propuesta curricular se organiza en dos tramos: el primero es la actualizaci\u00f3n y el segundo la especializaci\u00f3n.\u00a0 Cada tramo consiste en 4 espacios curriculares junto con trabajos finales. Si bien se abordar\u00e1 un n\u00facleo com\u00fan de problemas, contenidos y material bibliogr\u00e1fico obligatorio y ampliatorio, el segundo tramo ofrecer\u00e1 contenidos y actividades espec\u00edficos en funci\u00f3n del rol, del nivel educativo en el que se desempe\u00f1an los equipos cursantes. A continuaci\u00f3n, se presenta la estructura curricular de la carrera.<\/p>\n<p>&nbsp;<\/p>\n<table width=\"690\">\n<tbody>\n<tr>\n<td colspan=\"2\" width=\"245\"><strong>1\u00b0 TRAMO: ACTUALIZACI\u00d3N ACAD\u00c9MICA<\/strong><\/td>\n<td width=\"104\"><strong>TOTAL<\/strong><\/td>\n<td width=\"120\"><strong>HORAS SINCR\u00d3NICAS<\/strong><\/td>\n<td width=\"88\"><strong>HORAS ASINCR\u00d3NICAS<\/strong><\/td>\n<td width=\"133\"><\/td>\n<\/tr>\n<tr>\n<td width=\"103\"><strong>Espacios Curriculares<\/strong><\/td>\n<td width=\"142\"><strong>M\u00f3dulo<\/strong><\/td>\n<td width=\"104\"><strong>\u00a0<\/strong><\/td>\n<td width=\"120\"><strong>\u00a0<\/strong><\/td>\n<td width=\"88\"><strong>\u00a0<\/strong><\/td>\n<td width=\"133\"><\/td>\n<\/tr>\n<tr>\n<td rowspan=\"4\" width=\"103\">Renovaci\u00f3n de la ense\u00f1anza<\/td>\n<td width=\"142\">Marco de la Ense\u00f1anza para la Comprensi\u00f3n<\/td>\n<td width=\"104\">30<\/td>\n<td width=\"120\">5<\/td>\n<td width=\"88\">25<\/td>\n<td width=\"133\"><\/td>\n<\/tr>\n<tr>\n<td width=\"142\">Metodolog\u00edas activas<\/td>\n<td width=\"104\">30<\/td>\n<td width=\"120\">5<\/td>\n<td width=\"88\">25<\/td>\n<td width=\"133\"><\/td>\n<\/tr>\n<tr>\n<td width=\"142\">Evaluaci\u00f3n Aut\u00e9ntica<\/td>\n<td width=\"104\">30<\/td>\n<td width=\"120\">5<\/td>\n<td width=\"88\">25<\/td>\n<td width=\"133\"><\/td>\n<\/tr>\n<tr>\n<td width=\"142\">Aprendizaje colaborativo<\/td>\n<td width=\"104\">25<\/td>\n<td width=\"120\">5<\/td>\n<td width=\"88\">20<\/td>\n<td width=\"133\"><\/td>\n<\/tr>\n<tr>\n<td colspan=\"2\" width=\"245\">TAC<\/td>\n<td width=\"104\">20<\/td>\n<td width=\"120\">10<\/td>\n<td width=\"88\">10<\/td>\n<td width=\"133\"><\/td>\n<\/tr>\n<tr>\n<td colspan=\"2\" width=\"245\">\u00a0Interdisciplina I<\/td>\n<td width=\"104\">30<\/td>\n<td width=\"120\">10<\/td>\n<td width=\"88\">20<\/td>\n<td width=\"133\"><\/td>\n<\/tr>\n<tr>\n<td colspan=\"2\" width=\"245\">Ense\u00f1anza y Aprendizaje basado en proyectos I<\/td>\n<td width=\"104\">30<\/td>\n<td width=\"120\">10<\/td>\n<td width=\"88\">20<\/td>\n<td width=\"133\"><\/td>\n<\/tr>\n<tr>\n<td colspan=\"2\" width=\"245\">Evaluaci\u00f3n<\/td>\n<td width=\"104\">5<\/td>\n<td width=\"120\">5<\/td>\n<td width=\"88\">&#8211;<\/td>\n<td width=\"133\"><\/td>\n<\/tr>\n<tr>\n<td colspan=\"2\" width=\"245\"><strong>2\u00b0 TRAMO: ESPECIALIZACI\u00d3N<\/strong><\/td>\n<td width=\"104\"><strong>\u00a0<\/strong><\/td>\n<td width=\"120\"><strong>\u00a0<\/strong><\/td>\n<td width=\"88\"><strong>\u00a0<\/strong><\/td>\n<td width=\"133\"><\/td>\n<\/tr>\n<tr>\n<td rowspan=\"3\" width=\"103\">Escuelas XXI<\/td>\n<td width=\"142\">Innovar para transformar<\/td>\n<td width=\"104\">20<\/td>\n<td width=\"120\">5<\/td>\n<td width=\"88\">15<\/td>\n<td width=\"133\"><\/td>\n<\/tr>\n<tr>\n<td width=\"142\">Design Thinking<\/td>\n<td width=\"104\">10<\/td>\n<td width=\"120\">5<\/td>\n<td width=\"88\">5<\/td>\n<td width=\"133\"><\/td>\n<\/tr>\n<tr>\n<td width=\"142\">Tecnolog\u00eda\u00a0 del Empoderamiento y la Participaci\u00f3n<\/td>\n<td width=\"104\">30<\/td>\n<td width=\"120\">5<\/td>\n<td width=\"88\">25<\/td>\n<td width=\"133\"><\/td>\n<\/tr>\n<tr>\n<td colspan=\"2\" width=\"245\">Interdisciplina II<\/td>\n<td width=\"104\">20<\/td>\n<td width=\"120\">5<\/td>\n<td width=\"88\">15<\/td>\n<td width=\"133\"><\/td>\n<\/tr>\n<tr>\n<td colspan=\"2\" width=\"245\">Ense\u00f1anza y Aprendizaje basado en Proyectos II<\/td>\n<td width=\"104\">20<\/td>\n<td width=\"120\">5<\/td>\n<td width=\"88\">15<\/td>\n<td width=\"133\"><\/td>\n<\/tr>\n<tr>\n<td colspan=\"2\" width=\"245\">Trabajo final (Implementaci\u00f3n)<\/td>\n<td width=\"104\">100<\/td>\n<td width=\"120\">20<\/td>\n<td width=\"88\">80<\/td>\n<td width=\"133\"><\/td>\n<\/tr>\n<\/tbody>\n<\/table>\n<p>Todos los espacios curriculares son obligatorios y se establece un r\u00e9gimen de correlatividades entre los m\u00f3dulos de la formaci\u00f3n POR CRONOGRAMA. Se incluye al finalizar la cursada de la actualizaci\u00f3n la elaboraci\u00f3n grupal de un trabajo integrador final presencial de car\u00e1cter obligatorio para acceder a la titulaci\u00f3n de la actualizaci\u00f3n y para acceder a la titulaci\u00f3n de especializaci\u00f3n se incluye un trabajo grupal situado obligatorio.<\/p>\n","protected":false},"excerpt":{"rendered":"<p>&nbsp; R\u00c9GIMEN ACAD\u00c9MICO ESPEC\u00cdFICO Trayectoria formativa -Modalidad de la cursada El itinerario de formaci\u00f3n de la Actualizaci\u00f3n Acad\u00e9mica est\u00e1 organizado en 40 semanas de formaci\u00f3n. La modalidad de cursada ser\u00e1 virtual\u00a0 (215 horas reloj). El itinerario de la Especializaci\u00f3n agrega 40 semanas m\u00e1s de cursada. Las instancias virtuales se realizar\u00e1n\u00a0 a trav\u00e9s de una plataforma &#8230; <a title=\"R\u00c9GIMEN ACAD\u00c9MICO\" class=\"read-more\" href=\"https:\/\/ifdmercedes-crr.infd.edu.ar\/sitio\/regimen-academico\/\" aria-label=\"More on R\u00c9GIMEN ACAD\u00c9MICO\">[+]<\/a><\/p>\n","protected":false},"author":251,"featured_media":0,"parent":0,"menu_order":0,"comment_status":"closed","ping_status":"closed","template":"","meta":[],"acf":[],"_links":{"self":[{"href":"https:\/\/ifdmercedes-crr.infd.edu.ar\/sitio\/wp-json\/wp\/v2\/pages\/1233"}],"collection":[{"href":"https:\/\/ifdmercedes-crr.infd.edu.ar\/sitio\/wp-json\/wp\/v2\/pages"}],"about":[{"href":"https:\/\/ifdmercedes-crr.infd.edu.ar\/sitio\/wp-json\/wp\/v2\/types\/page"}],"author":[{"embeddable":true,"href":"https:\/\/ifdmercedes-crr.infd.edu.ar\/sitio\/wp-json\/wp\/v2\/users\/251"}],"replies":[{"embeddable":true,"href":"https:\/\/ifdmercedes-crr.infd.edu.ar\/sitio\/wp-json\/wp\/v2\/comments?post=1233"}],"version-history":[{"count":7,"href":"https:\/\/ifdmercedes-crr.infd.edu.ar\/sitio\/wp-json\/wp\/v2\/pages\/1233\/revisions"}],"predecessor-version":[{"id":1347,"href":"https:\/\/ifdmercedes-crr.infd.edu.ar\/sitio\/wp-json\/wp\/v2\/pages\/1233\/revisions\/1347"}],"wp:attachment":[{"href":"https:\/\/ifdmercedes-crr.infd.edu.ar\/sitio\/wp-json\/wp\/v2\/media?parent=1233"}],"curies":[{"name":"wp","href":"https:\/\/api.w.org\/{rel}","templated":true}]}}