{"id":1235,"date":"2020-05-20T11:40:51","date_gmt":"2020-05-20T14:40:51","guid":{"rendered":"https:\/\/ifdmercedes-crr.infd.edu.ar\/sitio\/?page_id=1235"},"modified":"2020-07-04T11:49:07","modified_gmt":"2020-07-04T14:49:07","slug":"modalidad","status":"publish","type":"page","link":"https:\/\/ifdmercedes-crr.infd.edu.ar\/sitio\/modalidad\/","title":{"rendered":"MODALIDAD"},"content":{"rendered":"<p>&nbsp;<\/p>\n<p><strong><img decoding=\"async\" loading=\"lazy\" class=\"alignnone wp-image-1243\" src=\"https:\/\/ifdmercedes-crr.infd.edu.ar\/sitio\/wp-content\/uploads\/2020\/07\/Marca-gr\u00e1fica-Post\u00edtulo-1000x248.png\" alt=\"\" width=\"642\" height=\"159\" srcset=\"https:\/\/ifdmercedes-crr.infd.edu.ar\/sitio\/wp-content\/uploads\/2020\/07\/Marca-gr\u00e1fica-Post\u00edtulo-1000x248.png 1000w, https:\/\/ifdmercedes-crr.infd.edu.ar\/sitio\/wp-content\/uploads\/2020\/07\/Marca-gr\u00e1fica-Post\u00edtulo-768x191.png 768w, https:\/\/ifdmercedes-crr.infd.edu.ar\/sitio\/wp-content\/uploads\/2020\/07\/Marca-gr\u00e1fica-Post\u00edtulo-1900x472.png 1900w\" sizes=\"(max-width: 642px) 100vw, 642px\" \/><\/strong><\/p>\n<p><strong>Modalidad: VIRTUAL<\/strong><\/p>\n<p><strong>Regularidad<\/strong><\/p>\n<p><strong>Regularidad individual<\/strong><\/p>\n<p>Para ser considerado\/a estudiante regular de la Actualizaci\u00f3n Acad\u00e9mica y Especializaci\u00f3n se requiere:<\/p>\n<p>Haber cumplimentado la totalidad del proceso de inscripci\u00f3n en tiempo y forma.<\/p>\n<p>Participar en forma peri\u00f3dica en el aula virtual y cumplir con las actividades obligatorias y evaluativas requeridas por cada materia de la formaci\u00f3n. En lo que respecta a la participaci\u00f3n peri\u00f3dica en el aula virtual, transcurridos los 30 d\u00edas corridos en los que no se visualice ingreso a la plataforma, el cursante perder\u00e1 su condici\u00f3n de \u201calumno regular\u201d en la carrera. En lo que respecta al cumplimiento de las actividades de evaluaci\u00f3n, se aceptar\u00e1, s\u00f3lo excepcionalmente, la entrega del trabajo final obligatorio de cada materia con una demora m\u00e1xima de 20 d\u00edas corridos posteriores a la fecha prevista para la presentaci\u00f3n. Las entregas realizadas con posterioridad a\u00a0estos\u00a0 plazos\u00a0 supondr\u00e1n al cursante la p\u00e9rdida de la regularidad.<\/p>\n<p>Participar en todas las instancias sincr\u00f3nicas<\/p>\n<p>Cumplimentar las condiciones de regularidad del equipo.<\/p>\n<p>En los casos donde no se cumpla con los requisitos previstos previamente, el o la cursante ser\u00e1 considerado \u201cirregular\u201d y, consecuentemente, no estar\u00e1 facultado\/a para aprobar las materias y el trabajo final integrador (portafolio).<\/p>\n<p>La Coordinaci\u00f3n de la carrera podr\u00e1 ofrecer instancias de recuperaci\u00f3n o compensaci\u00f3n que faciliten al cursante restituir su car\u00e1cter regular, dependiendo de la evaluaci\u00f3n que se realice de la trayectoria del cursante, de las razones que motivaron el incumplimiento de alguno de los requisitos planteados en este reglamento y de las condiciones materiales necesarias para ofrecer estas instancias.<\/p>\n<p>&nbsp;<\/p>\n<p><strong>Regularidad del equipo<\/strong><\/p>\n<p>Esta formaci\u00f3n plantea como requisito de admisi\u00f3n la inscripci\u00f3n en equipo. Se considerar\u00e1 que un equipo es regular cuando todos sus miembros cumplimenten los requisitos de regularidad mencionados en el apartado anterior.<\/p>\n<p>&nbsp;<\/p>\n<p><strong>Participaci\u00f3n en instancias de formaci\u00f3n sincr\u00f3nica<\/strong><\/p>\n<p>Las instancias de formaci\u00f3n sincr\u00f3nica resultan clave dentro del desarrollo de la carrera en tanto ofrecen experiencias de aprendizaje que no ser\u00e1n replicables en la formaci\u00f3n virtual. Consecuentemente, estas instancias resultan obligatorias dentro de la cursada de la Actualizaci\u00f3n y Especializaci\u00f3n.<\/p>\n","protected":false},"excerpt":{"rendered":"<p>&nbsp; Modalidad: VIRTUAL Regularidad Regularidad individual Para ser considerado\/a estudiante regular de la Actualizaci\u00f3n Acad\u00e9mica y Especializaci\u00f3n se requiere: Haber cumplimentado la totalidad del proceso de inscripci\u00f3n en tiempo y forma. Participar en forma peri\u00f3dica en el aula virtual y cumplir con las actividades obligatorias y evaluativas requeridas por cada materia de la formaci\u00f3n. En &#8230; <a title=\"MODALIDAD\" class=\"read-more\" href=\"https:\/\/ifdmercedes-crr.infd.edu.ar\/sitio\/modalidad\/\" aria-label=\"More on MODALIDAD\">[+]<\/a><\/p>\n","protected":false},"author":251,"featured_media":0,"parent":0,"menu_order":0,"comment_status":"closed","ping_status":"closed","template":"","meta":[],"acf":[],"_links":{"self":[{"href":"https:\/\/ifdmercedes-crr.infd.edu.ar\/sitio\/wp-json\/wp\/v2\/pages\/1235"}],"collection":[{"href":"https:\/\/ifdmercedes-crr.infd.edu.ar\/sitio\/wp-json\/wp\/v2\/pages"}],"about":[{"href":"https:\/\/ifdmercedes-crr.infd.edu.ar\/sitio\/wp-json\/wp\/v2\/types\/page"}],"author":[{"embeddable":true,"href":"https:\/\/ifdmercedes-crr.infd.edu.ar\/sitio\/wp-json\/wp\/v2\/users\/251"}],"replies":[{"embeddable":true,"href":"https:\/\/ifdmercedes-crr.infd.edu.ar\/sitio\/wp-json\/wp\/v2\/comments?post=1235"}],"version-history":[{"count":3,"href":"https:\/\/ifdmercedes-crr.infd.edu.ar\/sitio\/wp-json\/wp\/v2\/pages\/1235\/revisions"}],"predecessor-version":[{"id":1245,"href":"https:\/\/ifdmercedes-crr.infd.edu.ar\/sitio\/wp-json\/wp\/v2\/pages\/1235\/revisions\/1245"}],"wp:attachment":[{"href":"https:\/\/ifdmercedes-crr.infd.edu.ar\/sitio\/wp-json\/wp\/v2\/media?parent=1235"}],"curies":[{"name":"wp","href":"https:\/\/api.w.org\/{rel}","templated":true}]}}