{"id":1312,"date":"2020-09-03T00:25:10","date_gmt":"2020-09-03T03:25:10","guid":{"rendered":"https:\/\/ifdmercedes-crr.infd.edu.ar\/sitio\/?page_id=1312"},"modified":"2020-09-08T07:07:29","modified_gmt":"2020-09-08T10:07:29","slug":"iys","status":"publish","type":"page","link":"https:\/\/ifdmercedes-crr.infd.edu.ar\/sitio\/iys\/","title":{"rendered":"Inscripciones a Interinatos y Suplencias"},"content":{"rendered":"<form action=\"http:\/\/sima-mercedes.dyndns.org\/interinatoysuplencia\" method=\"get\">El per\u00edodo de inscripciones ordinario para 2021 est\u00e1 dispuesto del<strong> 2 al 30 de septiembre<\/strong> del corriente a\u00f1o. Estas se har\u00e1n por medio del Sistema de la instituci\u00f3n, <strong>SIMA Educativa.<\/strong><\/p>\n<p>La fecha l\u00edmite para la presentaci\u00f3n de las documentaciones es el 30 de septiembre. Los lugares y horarios donde deben presentar las mismas son los siguientes:<\/p>\n<h4>Sede Central:<\/h4>\n<p style=\"padding-left: 30px;\">lunes a viernes\u00a0 de 9 a 11:30 hs y de 18 a 20 hs, en la secretar\u00eda del instituto.<\/p>\n<h4>Extensiones A\u00falicas:<\/h4>\n<p style=\"padding-left: 30px;\"><strong>MOCORET\u00c1<\/strong>:\u00a0 lunes, mi\u00e9rcoles y jueves de 18 a 20 hs, en la secretar\u00eda del instituto.<\/p>\n<p style=\"padding-left: 30px;\"><strong>PELLEGRINI<\/strong>:\u00a0 lunes a viernes de 18 a 20 hs, en la secretar\u00eda del instituto (sede Mercedes).<\/p>\n<p style=\"padding-left: 30px;\"><strong>PERUGORRIA<\/strong>:\u00a0 lunes, mi\u00e9rcoles y viernes de 18 a 20 hs, en Esc. N83.<\/p>\n<p style=\"padding-left: 30px;\"><strong>MARIANO I. LOZA<\/strong>:<\/p>\n<ul style=\"padding-left: 50px;\">\n<li>Lunes\u00a0 de 18 a 20 hs\u00a0Mariano I. Loza.<\/li>\n<li>Mi\u00e9rcoles y viernes\u00a0 de 9 a 11 hs en la secretar\u00eda del instituto\u00a0 (sede Mercedes).<\/li>\n<\/ul>\n<p>&nbsp;<\/p>\n<p><a href=\"https:\/\/ifdmercedes-crr.infd.edu.ar\/sitio\/wp-content\/uploads\/2020\/09\/Generacio\u0301n-de-Ficha-Inscripcio\u0301n-Intineratos-y-suplencias.pdf\">Ver manual de inscripci\u00f3n<\/a><\/p>\n<p><a href=\"https:\/\/ifdmercedes-crr.infd.edu.ar\/sitio\/perfiles-profesionales\/\">Ver Perfiles Profesionales<\/a><\/p>\n<p><button type=\"submit\">INSCRIBIRME<\/button><\/p>\n<p>&nbsp;<\/p>\n<\/form>\n<div id=\"tt\" style=\"opacity: 0; display: none; width: 300px; top: 30px; left: 2650px;\">\n<div id=\"tttop\"><\/div>\n<div id=\"ttcont\" style=\"font-size: 100%;\">vierne<\/div>\n<div id=\"ttbot\"><\/div>\n<\/div>\n","protected":false},"excerpt":{"rendered":"<p>El per\u00edodo de inscripciones ordinario para 2021 est\u00e1 dispuesto del 2 al 30 de septiembre del corriente a\u00f1o. Estas se har\u00e1n por medio del Sistema de la instituci\u00f3n, SIMA Educativa. La fecha l\u00edmite para la presentaci\u00f3n de las documentaciones es el 30 de septiembre. Los lugares y horarios donde deben presentar las mismas son los &#8230; <a title=\"Inscripciones a Interinatos y Suplencias\" class=\"read-more\" href=\"https:\/\/ifdmercedes-crr.infd.edu.ar\/sitio\/iys\/\" aria-label=\"More on Inscripciones a Interinatos y Suplencias\">[+]<\/a><\/p>\n","protected":false},"author":211,"featured_media":0,"parent":0,"menu_order":0,"comment_status":"closed","ping_status":"closed","template":"","meta":[],"acf":[],"_links":{"self":[{"href":"https:\/\/ifdmercedes-crr.infd.edu.ar\/sitio\/wp-json\/wp\/v2\/pages\/1312"}],"collection":[{"href":"https:\/\/ifdmercedes-crr.infd.edu.ar\/sitio\/wp-json\/wp\/v2\/pages"}],"about":[{"href":"https:\/\/ifdmercedes-crr.infd.edu.ar\/sitio\/wp-json\/wp\/v2\/types\/page"}],"author":[{"embeddable":true,"href":"https:\/\/ifdmercedes-crr.infd.edu.ar\/sitio\/wp-json\/wp\/v2\/users\/211"}],"replies":[{"embeddable":true,"href":"https:\/\/ifdmercedes-crr.infd.edu.ar\/sitio\/wp-json\/wp\/v2\/comments?post=1312"}],"version-history":[{"count":11,"href":"https:\/\/ifdmercedes-crr.infd.edu.ar\/sitio\/wp-json\/wp\/v2\/pages\/1312\/revisions"}],"predecessor-version":[{"id":1328,"href":"https:\/\/ifdmercedes-crr.infd.edu.ar\/sitio\/wp-json\/wp\/v2\/pages\/1312\/revisions\/1328"}],"wp:attachment":[{"href":"https:\/\/ifdmercedes-crr.infd.edu.ar\/sitio\/wp-json\/wp\/v2\/media?parent=1312"}],"curies":[{"name":"wp","href":"https:\/\/api.w.org\/{rel}","templated":true}]}}