{"id":766,"date":"2018-08-30T12:54:57","date_gmt":"2018-08-30T15:54:57","guid":{"rendered":"https:\/\/ifdmercedes-crr.infd.edu.ar\/sitio\/datos-institucionales\/"},"modified":"2019-05-26T22:39:06","modified_gmt":"2019-05-27T01:39:06","slug":"datos-institucionales","status":"publish","type":"page","link":"https:\/\/ifdmercedes-crr.infd.edu.ar\/sitio\/datos-institucionales\/","title":{"rendered":"Datos institucionales"},"content":{"rendered":"<h2 style=\"text-align: center;\"><span style=\"color: #0000ff;\">Instituto Superior de Formaci\u00f3n Docente<\/span><\/h2>\n<h2 style=\"text-align: center;\"><span style=\"color: #0000ff;\">\u00abMercedes\u00bb<\/span><\/h2>\n<h4><\/h4>\n<h4 style=\"text-align: center;\">Horarios de atenci\u00f3n: lunes a viernes de 7.30 hs. a\u00a023 hs.<\/h4>\n<h4 style=\"text-align: center;\">Direcci\u00f3n: Jos\u00e9 Mar\u00eda G\u00f3mez y Yatay.<\/h4>\n<h4 style=\"text-align: center;\">E-mail de consultas: <a href=\"mailto:ifdmercedes@hotmail.com\"><strong>ifdmercedes@hotmail.com<\/strong><\/a><\/h4>\n<h4 style=\"text-align: center;\"><span style=\"color: #0000ff;\">URL: <strong>http:\/\/ifdmercedes.crr.infd.edu.ar\/sitio\/<\/strong><\/span><\/h4>\n","protected":false},"excerpt":{"rendered":"<p>Instituto Superior de Formaci\u00f3n Docente \u00abMercedes\u00bb Horarios de atenci\u00f3n: lunes a viernes de 7.30 hs. a\u00a023 hs. Direcci\u00f3n: Jos\u00e9 Mar\u00eda G\u00f3mez y Yatay. E-mail de consultas: ifdmercedes@hotmail.com URL: http:\/\/ifdmercedes.crr.infd.edu.ar\/sitio\/<\/p>\n","protected":false},"author":69,"featured_media":0,"parent":0,"menu_order":0,"comment_status":"closed","ping_status":"closed","template":"","meta":[],"acf":[],"_links":{"self":[{"href":"https:\/\/ifdmercedes-crr.infd.edu.ar\/sitio\/wp-json\/wp\/v2\/pages\/766"}],"collection":[{"href":"https:\/\/ifdmercedes-crr.infd.edu.ar\/sitio\/wp-json\/wp\/v2\/pages"}],"about":[{"href":"https:\/\/ifdmercedes-crr.infd.edu.ar\/sitio\/wp-json\/wp\/v2\/types\/page"}],"author":[{"embeddable":true,"href":"https:\/\/ifdmercedes-crr.infd.edu.ar\/sitio\/wp-json\/wp\/v2\/users\/69"}],"replies":[{"embeddable":true,"href":"https:\/\/ifdmercedes-crr.infd.edu.ar\/sitio\/wp-json\/wp\/v2\/comments?post=766"}],"version-history":[{"count":4,"href":"https:\/\/ifdmercedes-crr.infd.edu.ar\/sitio\/wp-json\/wp\/v2\/pages\/766\/revisions"}],"predecessor-version":[{"id":1081,"href":"https:\/\/ifdmercedes-crr.infd.edu.ar\/sitio\/wp-json\/wp\/v2\/pages\/766\/revisions\/1081"}],"wp:attachment":[{"href":"https:\/\/ifdmercedes-crr.infd.edu.ar\/sitio\/wp-json\/wp\/v2\/media?parent=766"}],"curies":[{"name":"wp","href":"https:\/\/api.w.org\/{rel}","templated":true}]}}