{"id":778,"date":"2018-08-30T12:55:02","date_gmt":"2018-08-30T15:55:02","guid":{"rendered":"https:\/\/ifdmercedes-crr.infd.edu.ar\/sitio\/historia\/"},"modified":"2019-05-19T19:50:37","modified_gmt":"2019-05-19T22:50:37","slug":"historia","status":"publish","type":"page","link":"https:\/\/ifdmercedes-crr.infd.edu.ar\/sitio\/historia\/","title":{"rendered":"Historia"},"content":{"rendered":"<p style=\"text-align: left;\"><span style=\"color: #000000;\"><strong><span style=\"font-family: Arial; font-size: 12pt;\"><span style=\"font-family: courier new,courier;\">La historia Institucional est\u00e1 muy ligada a la escuela Normal \u00abManuel Florencio Mantilla\u00bb nacida en el siglo XIX, por lo cual es conveniente hacer una ligera referencia a ella como antecedente del actual Instituto del Profesorado, el 13 de agosto de 1.894 naci\u00f3 en la ciudad de Mercedes, la escuela Normal. Sus or\u00edgenes se remontan a la gesti\u00f3n de J. Alfredo Ferreyra, como Director General de escuelas de la provincia de Corrientes. En sus primeros a\u00f1os la escuela estuvo sujeta a los avatares pol\u00edticos hasta que se estabiliz\u00f3 cuando se nacionaliz\u00f3 el 03 de noviembre de 1.909.<\/span><\/span><\/strong><\/span><\/p>\n<p style=\"text-align: left;\"><span style=\"color: #000000;\"><strong><span style=\"font-family: Arial; font-size: 12pt;\"><span style=\"font-family: courier new,courier;\"><span style=\"font-size: 12pt;\">En 1.932 y como parte de los festejos del Centenario de la ciudad se resolvi\u00f3 la construcci\u00f3n de un edificio para la escuela, la que fue bautizada \u00abManuel Florencio Mantilla\u00bb por decreto N\u00b0 383\/82. Desde marzo de 1.942 ocupa su actual edificio.<\/span><\/span><\/span><\/strong><\/span><\/p>\n<p style=\"text-align: left;\"><span style=\"color: #000000;\"><strong><span style=\"font-family: Arial; font-size: 12pt;\"><span style=\"font-family: courier new,courier;\"><span style=\"font-size: 12pt;\">Al cerrarse los planes correspondientes al Ciclo del Magisterio se cre\u00f3 por Resoluci\u00f3n Ministerial N\u00b0 2321\/70 el Terciario con el Profesorado para la Ense\u00f1anza Primaria, que inici\u00f3 sus funciones en junio de 1.971, con una matr\u00edcula inicial de 200 alumnos. En 1.973, egresaron los primeros Profesores para la Ense\u00f1anza Primaria.<\/span><\/span><\/span><\/strong><\/span><\/p>\n<p style=\"text-align: left;\"><span style=\"color: #000000;\"><span style=\"font-family: courier new,courier;\"><span style=\"font-size: 12pt;\"><strong>Atendiendo a la demanda de la comunidad se solicit\u00f3 la apertura del Profesorado para la Ense\u00f1anza Pre-Escolar, lo que se decret\u00f3 por Decreto N\u00b0 1.395\/74 y se puso en funcionamiento por Resoluci\u00f3n\u00a0 <\/strong><strong>\u00a0N\u00b0 274\/74.\u00a0<\/strong><\/span><\/span><\/span><\/p>\n<p>&nbsp;<\/p>\n","protected":false},"excerpt":{"rendered":"<p>La historia Institucional est\u00e1 muy ligada a la escuela Normal \u00abManuel Florencio Mantilla\u00bb nacida en el siglo XIX, por lo cual es conveniente hacer una ligera referencia a ella como antecedente del actual Instituto del Profesorado, el 13 de agosto de 1.894 naci\u00f3 en la ciudad de Mercedes, la escuela Normal. Sus or\u00edgenes se remontan &#8230; <a title=\"Historia\" class=\"read-more\" href=\"https:\/\/ifdmercedes-crr.infd.edu.ar\/sitio\/historia\/\" aria-label=\"More on Historia\">[+]<\/a><\/p>\n","protected":false},"author":69,"featured_media":0,"parent":0,"menu_order":0,"comment_status":"closed","ping_status":"closed","template":"","meta":[],"acf":[],"_links":{"self":[{"href":"https:\/\/ifdmercedes-crr.infd.edu.ar\/sitio\/wp-json\/wp\/v2\/pages\/778"}],"collection":[{"href":"https:\/\/ifdmercedes-crr.infd.edu.ar\/sitio\/wp-json\/wp\/v2\/pages"}],"about":[{"href":"https:\/\/ifdmercedes-crr.infd.edu.ar\/sitio\/wp-json\/wp\/v2\/types\/page"}],"author":[{"embeddable":true,"href":"https:\/\/ifdmercedes-crr.infd.edu.ar\/sitio\/wp-json\/wp\/v2\/users\/69"}],"replies":[{"embeddable":true,"href":"https:\/\/ifdmercedes-crr.infd.edu.ar\/sitio\/wp-json\/wp\/v2\/comments?post=778"}],"version-history":[{"count":2,"href":"https:\/\/ifdmercedes-crr.infd.edu.ar\/sitio\/wp-json\/wp\/v2\/pages\/778\/revisions"}],"predecessor-version":[{"id":975,"href":"https:\/\/ifdmercedes-crr.infd.edu.ar\/sitio\/wp-json\/wp\/v2\/pages\/778\/revisions\/975"}],"wp:attachment":[{"href":"https:\/\/ifdmercedes-crr.infd.edu.ar\/sitio\/wp-json\/wp\/v2\/media?parent=778"}],"curies":[{"name":"wp","href":"https:\/\/api.w.org\/{rel}","templated":true}]}}